{"id":3538,"date":"2022-02-14T11:41:33","date_gmt":"2022-02-14T10:41:33","guid":{"rendered":"https:\/\/www.casacoppa.it\/dove-siamo\/"},"modified":"2024-03-21T10:17:33","modified_gmt":"2024-03-21T09:17:33","slug":"ou-nous-sommes","status":"publish","type":"page","link":"https:\/\/www.casacoppa.it\/fr\/ou-nous-sommes\/","title":{"rendered":"O\u00f9 nous sommes"},"content":{"rendered":"\t\t<div data-elementor-type=\"wp-post\" data-elementor-id=\"3538\" class=\"elementor elementor-3538 elementor-1733\">\n\t\t\t\t\t\t<section class=\"elementor-section elementor-top-section elementor-element elementor-element-65579c3 elementor-section-content-middle elementor-section-boxed elementor-section-height-default elementor-section-height-default\" data-id=\"65579c3\" data-element_type=\"section\" data-settings=\"{&quot;background_background&quot;:&quot;classic&quot;}\">\n\t\t\t\t\t\t\t<div class=\"elementor-background-overlay\"><\/div>\n\t\t\t\t\t\t\t<div class=\"elementor-container elementor-column-gap-extended\">\n\t\t\t\t\t<div class=\"elementor-column elementor-col-50 elementor-top-column elementor-element elementor-element-53fd14e\" data-id=\"53fd14e\" data-element_type=\"column\">\n\t\t\t<div class=\"elementor-widget-wrap elementor-element-populated\">\n\t\t\t\t\t\t<div class=\"elementor-element elementor-element-544c496 elementor-widget elementor-widget-text-editor\" data-id=\"544c496\" data-element_type=\"widget\" data-widget_type=\"text-editor.default\">\n\t\t\t\t<div class=\"elementor-widget-container\">\n\t\t\t\t\t\t\t<h2>Comment nous joindre<\/h2>\t\t\t\t\t\t<\/div>\n\t\t\t\t<\/div>\n\t\t\t\t<div class=\"elementor-element elementor-element-d13f0cf elementor-view-default elementor-widget elementor-widget-icon\" data-id=\"d13f0cf\" data-element_type=\"widget\" data-widget_type=\"icon.default\">\n\t\t\t\t<div class=\"elementor-widget-container\">\n\t\t\t\t\t<div class=\"elementor-icon-wrapper\">\n\t\t\t<div class=\"elementor-icon\">\n\t\t\t<i aria-hidden=\"true\" class=\"th-trip travelpack th-trip travelpack-car\"><\/i>\t\t\t<\/div>\n\t\t<\/div>\n\t\t\t\t<\/div>\n\t\t\t\t<\/div>\n\t\t\t\t<div class=\"elementor-element elementor-element-71d0389 elementor-widget elementor-widget-text-editor\" data-id=\"71d0389\" data-element_type=\"widget\" data-widget_type=\"text-editor.default\">\n\t\t\t\t<div class=\"elementor-widget-container\">\n\t\t\t\t\t\t\t<h4>En voiture<\/h4><p><strong>De Milan<\/strong>: sortie Gravellona Toce A8\/A26, 104 km.<br \/>Continuer sur la SR229 en direction de Omegna &#8211; Lago d&rsquo;Orta.<\/p><p><strong>De Turin<\/strong>: sortie Borgomanero A26, 152 km.<br \/>Continuer jusqu&rsquo;\u00e0 Gozzano, Orta San Giulio, Pettenasco et Omegna.<\/p><p><strong>De G\u00eanes<\/strong> : Autoroute A26 sortie Borgomanero, Gozzano, Orta San Giulio, Pettenasco, Omegna<\/p><p><strong>De C\u00f4me et Lugano<\/strong>: Autoroute A9, autoroute A26 sortie Arona, Borgomanero, Orta San Giulio, Pettenasco, Omegna<\/p><p><strong>Depuis Locarno (CH)<\/strong> &#8211; 56 km: Depuis la fronti\u00e8re italienne, prendre la direction de Gravellona Toce &#8211; Verbania.<br \/>Une fois \u00e0 Gravellona Toce, continuer en direction d&rsquo;Omegna &#8211; Lac d&rsquo;Orta.<\/p><p><strong>Depuis Brigue (CH)<\/strong> &#8211; 106 km : Col du Simplon en direction de Domodossola. Continuer sur la S33 en direction de Milan, sortie Gravellona Toce. Continuer en direction d&rsquo;Omegna &#8211; Lac d&rsquo;Orta.<\/p>\t\t\t\t\t\t<\/div>\n\t\t\t\t<\/div>\n\t\t\t\t<div class=\"elementor-element elementor-element-267282c elementor-view-default elementor-widget elementor-widget-icon\" data-id=\"267282c\" data-element_type=\"widget\" data-widget_type=\"icon.default\">\n\t\t\t\t<div class=\"elementor-widget-container\">\n\t\t\t\t\t<div class=\"elementor-icon-wrapper\">\n\t\t\t<div class=\"elementor-icon\">\n\t\t\t<i aria-hidden=\"true\" class=\"th-trip travelpack th-trip travelpack-train-front\"><\/i>\t\t\t<\/div>\n\t\t<\/div>\n\t\t\t\t<\/div>\n\t\t\t\t<\/div>\n\t\t\t\t<div class=\"elementor-element elementor-element-56a4fa7 elementor-widget elementor-widget-text-editor\" data-id=\"56a4fa7\" data-element_type=\"widget\" data-widget_type=\"text-editor.default\">\n\t\t\t\t<div class=\"elementor-widget-container\">\n\t\t\t\t\t\t\t<h4>En train<\/h4><p><strong>Ligne Novara-Domodossola<\/strong>, avec arriv\u00e9e directe \u00e0 la gare d&rsquo;Omegna, \u00e0 quelques minutes de marche du centre.<\/p><p><strong>Ligne Milan-Domodossola<\/strong> jusqu&rsquo;\u00e0 la station Verbania Fondotoce.<\/p><p>De l\u00e0, il faut prendre un bus ou un taxi jusqu&rsquo;\u00e0 Omegna (environ 15 minutes).<\/p><p>Depuis Milan, vous pouvez prendre le train pour Stresa. Continuez jusqu&rsquo;\u00e0 Omegna en taxi ou en navette priv\u00e9e.<\/p>\t\t\t\t\t\t<\/div>\n\t\t\t\t<\/div>\n\t\t\t\t\t<\/div>\n\t\t<\/div>\n\t\t\t\t<div class=\"elementor-column elementor-col-50 elementor-top-column elementor-element elementor-element-c8291f6\" data-id=\"c8291f6\" data-element_type=\"column\" data-settings=\"{&quot;background_background&quot;:&quot;classic&quot;}\">\n\t\t\t<div class=\"elementor-widget-wrap elementor-element-populated\">\n\t\t\t\t\t\t<div class=\"elementor-element elementor-element-9724917 elementor-widget elementor-widget-text-editor\" data-id=\"9724917\" data-element_type=\"widget\" data-widget_type=\"text-editor.default\">\n\t\t\t\t<div class=\"elementor-widget-container\">\n\t\t\t\t\t\t\tLe lac d&rsquo;Orta est facilement accessible en voiture ou par les transports publics.\t\t\t\t\t\t<\/div>\n\t\t\t\t<\/div>\n\t\t\t\t<div class=\"elementor-element elementor-element-6c5d7ca elementor-widget elementor-widget-image\" data-id=\"6c5d7ca\" data-element_type=\"widget\" data-widget_type=\"image.default\">\n\t\t\t\t<div class=\"elementor-widget-container\">\n\t\t\t\t\t\t\t\t\t\t\t\t\t<img fetchpriority=\"high\" decoding=\"async\" width=\"844\" height=\"1160\" src=\"https:\/\/www.casacoppa.it\/wp-content\/uploads\/2022\/01\/MAPPA-CASA-COPPA-2022.jpg\" class=\"attachment-full size-full wp-image-3410\" alt=\"\" srcset=\"https:\/\/www.casacoppa.it\/wp-content\/uploads\/2022\/01\/MAPPA-CASA-COPPA-2022.jpg 844w, https:\/\/www.casacoppa.it\/wp-content\/uploads\/2022\/01\/MAPPA-CASA-COPPA-2022-218x300.jpg 218w, https:\/\/www.casacoppa.it\/wp-content\/uploads\/2022\/01\/MAPPA-CASA-COPPA-2022-745x1024.jpg 745w, https:\/\/www.casacoppa.it\/wp-content\/uploads\/2022\/01\/MAPPA-CASA-COPPA-2022-768x1056.jpg 768w, https:\/\/www.casacoppa.it\/wp-content\/uploads\/2022\/01\/MAPPA-CASA-COPPA-2022-16x22.jpg 16w, https:\/\/www.casacoppa.it\/wp-content\/uploads\/2022\/01\/MAPPA-CASA-COPPA-2022-58x80.jpg 58w, https:\/\/www.casacoppa.it\/wp-content\/uploads\/2022\/01\/MAPPA-CASA-COPPA-2022-220x303.jpg 220w, https:\/\/www.casacoppa.it\/wp-content\/uploads\/2022\/01\/MAPPA-CASA-COPPA-2022-509x700.jpg 509w, https:\/\/www.casacoppa.it\/wp-content\/uploads\/2022\/01\/MAPPA-CASA-COPPA-2022-691x950.jpg 691w, https:\/\/www.casacoppa.it\/wp-content\/uploads\/2022\/01\/MAPPA-CASA-COPPA-2022-786x1080.jpg 786w, https:\/\/www.casacoppa.it\/wp-content\/uploads\/2022\/01\/MAPPA-CASA-COPPA-2022-600x825.jpg 600w\" sizes=\"(max-width: 844px) 100vw, 844px\" \/>\t\t\t\t\t\t\t\t\t\t\t\t\t<\/div>\n\t\t\t\t<\/div>\n\t\t\t\t\t<\/div>\n\t\t<\/div>\n\t\t\t\t\t<\/div>\n\t\t<\/section>\n\t\t\t\t<\/div>\n\t\t","protected":false},"excerpt":{"rendered":"<p>Comment nous joindre En voiture De Milan: sortie Gravellona Toce A8\/A26, 104 km.Continuer sur la SR229 en direction de Omegna &#8211; Lago d&rsquo;Orta. De Turin: sortie Borgomanero A26, 152 km.Continuer jusqu&rsquo;\u00e0 Gozzano, Orta San Giulio, Pettenasco et Omegna. De G\u00eanes &hellip; <a href=\"https:\/\/www.casacoppa.it\/fr\/ou-nous-sommes\/\">Read More<\/a><\/p>\n","protected":false},"author":1,"featured_media":0,"parent":0,"menu_order":24,"comment_status":"closed","ping_status":"closed","template":"","meta":{"footnotes":""},"class_list":["post-3538","page","type-page","status-publish","hentry"],"yoast_head":"<!-- This site is optimized with the Yoast SEO plugin v27.2 - https:\/\/yoast.com\/product\/yoast-seo-wordpress\/ -->\n<title>Appartements de vacances sur le lac d&#039;Orta<\/title>\n<meta name=\"description\" content=\"Hai bisogno di indicazioni per raggiungere Casa Coppa a Omegna? Leggi le indicazioni presenti nella pagina\" \/>\n<meta name=\"robots\" content=\"index, follow, max-snippet:-1, max-image-preview:large, max-video-preview:-1\" \/>\n<link rel=\"canonical\" href=\"https:\/\/www.casacoppa.it\/fr\/ou-nous-sommes\/\" \/>\n<meta property=\"og:locale\" content=\"fr_FR\" \/>\n<meta property=\"og:type\" content=\"article\" \/>\n<meta property=\"og:title\" content=\"Appartements de vacances sur le lac d&#039;Orta\" \/>\n<meta property=\"og:description\" content=\"Hai bisogno di indicazioni per raggiungere Casa Coppa a Omegna? Leggi le indicazioni presenti nella pagina\" \/>\n<meta property=\"og:url\" content=\"https:\/\/www.casacoppa.it\/fr\/ou-nous-sommes\/\" \/>\n<meta property=\"og:site_name\" content=\"Casa Coppa\" \/>\n<meta property=\"article:modified_time\" content=\"2024-03-21T09:17:33+00:00\" \/>\n<meta property=\"og:image\" content=\"https:\/\/www.casacoppa.it\/wp-content\/uploads\/2022\/01\/MAPPA-CASA-COPPA-2022.jpg\" \/>\n<meta name=\"twitter:card\" content=\"summary_large_image\" \/>\n<meta name=\"twitter:label1\" content=\"Dur\u00e9e de lecture estim\u00e9e\" \/>\n\t<meta name=\"twitter:data1\" content=\"2 minutes\" \/>\n<script type=\"application\/ld+json\" class=\"yoast-schema-graph\">{\"@context\":\"https:\/\/schema.org\",\"@graph\":[{\"@type\":\"WebPage\",\"@id\":\"https:\/\/www.casacoppa.it\/fr\/ou-nous-sommes\/\",\"url\":\"https:\/\/www.casacoppa.it\/fr\/ou-nous-sommes\/\",\"name\":\"Appartements de vacances sur le lac d'Orta\",\"isPartOf\":{\"@id\":\"https:\/\/www.casacoppa.it\/fr\/#website\"},\"primaryImageOfPage\":{\"@id\":\"https:\/\/www.casacoppa.it\/fr\/ou-nous-sommes\/#primaryimage\"},\"image\":{\"@id\":\"https:\/\/www.casacoppa.it\/fr\/ou-nous-sommes\/#primaryimage\"},\"thumbnailUrl\":\"https:\/\/www.casacoppa.it\/wp-content\/uploads\/2022\/01\/MAPPA-CASA-COPPA-2022.jpg\",\"datePublished\":\"2022-02-14T10:41:33+00:00\",\"dateModified\":\"2024-03-21T09:17:33+00:00\",\"description\":\"Hai bisogno di indicazioni per raggiungere Casa Coppa a Omegna? Leggi le indicazioni presenti nella pagina\",\"breadcrumb\":{\"@id\":\"https:\/\/www.casacoppa.it\/fr\/ou-nous-sommes\/#breadcrumb\"},\"inLanguage\":\"fr-FR\",\"potentialAction\":[{\"@type\":\"ReadAction\",\"target\":[\"https:\/\/www.casacoppa.it\/fr\/ou-nous-sommes\/\"]}]},{\"@type\":\"ImageObject\",\"inLanguage\":\"fr-FR\",\"@id\":\"https:\/\/www.casacoppa.it\/fr\/ou-nous-sommes\/#primaryimage\",\"url\":\"https:\/\/www.casacoppa.it\/wp-content\/uploads\/2022\/01\/MAPPA-CASA-COPPA-2022.jpg\",\"contentUrl\":\"https:\/\/www.casacoppa.it\/wp-content\/uploads\/2022\/01\/MAPPA-CASA-COPPA-2022.jpg\"},{\"@type\":\"BreadcrumbList\",\"@id\":\"https:\/\/www.casacoppa.it\/fr\/ou-nous-sommes\/#breadcrumb\",\"itemListElement\":[{\"@type\":\"ListItem\",\"position\":1,\"name\":\"Home\",\"item\":\"https:\/\/www.casacoppa.it\/fr\/\"},{\"@type\":\"ListItem\",\"position\":2,\"name\":\"O\u00f9 nous sommes\"}]},{\"@type\":\"WebSite\",\"@id\":\"https:\/\/www.casacoppa.it\/fr\/#website\",\"url\":\"https:\/\/www.casacoppa.it\/fr\/\",\"name\":\"Casa Coppa\",\"description\":\"Appartamenti e case vacanze a Omegna, sul Lago d&#039;Orta\",\"potentialAction\":[{\"@type\":\"SearchAction\",\"target\":{\"@type\":\"EntryPoint\",\"urlTemplate\":\"https:\/\/www.casacoppa.it\/fr\/?s={search_term_string}\"},\"query-input\":{\"@type\":\"PropertyValueSpecification\",\"valueRequired\":true,\"valueName\":\"search_term_string\"}}],\"inLanguage\":\"fr-FR\"}]}<\/script>\n<!-- \/ Yoast SEO plugin. -->","yoast_head_json":{"title":"Appartements de vacances sur le lac d'Orta","description":"Hai bisogno di indicazioni per raggiungere Casa Coppa a Omegna? Leggi le indicazioni presenti nella pagina","robots":{"index":"index","follow":"follow","max-snippet":"max-snippet:-1","max-image-preview":"max-image-preview:large","max-video-preview":"max-video-preview:-1"},"canonical":"https:\/\/www.casacoppa.it\/fr\/ou-nous-sommes\/","og_locale":"fr_FR","og_type":"article","og_title":"Appartements de vacances sur le lac d'Orta","og_description":"Hai bisogno di indicazioni per raggiungere Casa Coppa a Omegna? Leggi le indicazioni presenti nella pagina","og_url":"https:\/\/www.casacoppa.it\/fr\/ou-nous-sommes\/","og_site_name":"Casa Coppa","article_modified_time":"2024-03-21T09:17:33+00:00","og_image":[{"url":"https:\/\/www.casacoppa.it\/wp-content\/uploads\/2022\/01\/MAPPA-CASA-COPPA-2022.jpg","type":"","width":"","height":""}],"twitter_card":"summary_large_image","twitter_misc":{"Dur\u00e9e de lecture estim\u00e9e":"2 minutes"},"schema":{"@context":"https:\/\/schema.org","@graph":[{"@type":"WebPage","@id":"https:\/\/www.casacoppa.it\/fr\/ou-nous-sommes\/","url":"https:\/\/www.casacoppa.it\/fr\/ou-nous-sommes\/","name":"Appartements de vacances sur le lac d'Orta","isPartOf":{"@id":"https:\/\/www.casacoppa.it\/fr\/#website"},"primaryImageOfPage":{"@id":"https:\/\/www.casacoppa.it\/fr\/ou-nous-sommes\/#primaryimage"},"image":{"@id":"https:\/\/www.casacoppa.it\/fr\/ou-nous-sommes\/#primaryimage"},"thumbnailUrl":"https:\/\/www.casacoppa.it\/wp-content\/uploads\/2022\/01\/MAPPA-CASA-COPPA-2022.jpg","datePublished":"2022-02-14T10:41:33+00:00","dateModified":"2024-03-21T09:17:33+00:00","description":"Hai bisogno di indicazioni per raggiungere Casa Coppa a Omegna? Leggi le indicazioni presenti nella pagina","breadcrumb":{"@id":"https:\/\/www.casacoppa.it\/fr\/ou-nous-sommes\/#breadcrumb"},"inLanguage":"fr-FR","potentialAction":[{"@type":"ReadAction","target":["https:\/\/www.casacoppa.it\/fr\/ou-nous-sommes\/"]}]},{"@type":"ImageObject","inLanguage":"fr-FR","@id":"https:\/\/www.casacoppa.it\/fr\/ou-nous-sommes\/#primaryimage","url":"https:\/\/www.casacoppa.it\/wp-content\/uploads\/2022\/01\/MAPPA-CASA-COPPA-2022.jpg","contentUrl":"https:\/\/www.casacoppa.it\/wp-content\/uploads\/2022\/01\/MAPPA-CASA-COPPA-2022.jpg"},{"@type":"BreadcrumbList","@id":"https:\/\/www.casacoppa.it\/fr\/ou-nous-sommes\/#breadcrumb","itemListElement":[{"@type":"ListItem","position":1,"name":"Home","item":"https:\/\/www.casacoppa.it\/fr\/"},{"@type":"ListItem","position":2,"name":"O\u00f9 nous sommes"}]},{"@type":"WebSite","@id":"https:\/\/www.casacoppa.it\/fr\/#website","url":"https:\/\/www.casacoppa.it\/fr\/","name":"Casa Coppa","description":"Appartamenti e case vacanze a Omegna, sul Lago d&#039;Orta","potentialAction":[{"@type":"SearchAction","target":{"@type":"EntryPoint","urlTemplate":"https:\/\/www.casacoppa.it\/fr\/?s={search_term_string}"},"query-input":{"@type":"PropertyValueSpecification","valueRequired":true,"valueName":"search_term_string"}}],"inLanguage":"fr-FR"}]}},"_links":{"self":[{"href":"https:\/\/www.casacoppa.it\/fr\/wp-json\/wp\/v2\/pages\/3538","targetHints":{"allow":["GET"]}}],"collection":[{"href":"https:\/\/www.casacoppa.it\/fr\/wp-json\/wp\/v2\/pages"}],"about":[{"href":"https:\/\/www.casacoppa.it\/fr\/wp-json\/wp\/v2\/types\/page"}],"author":[{"embeddable":true,"href":"https:\/\/www.casacoppa.it\/fr\/wp-json\/wp\/v2\/users\/1"}],"replies":[{"embeddable":true,"href":"https:\/\/www.casacoppa.it\/fr\/wp-json\/wp\/v2\/comments?post=3538"}],"version-history":[{"count":0,"href":"https:\/\/www.casacoppa.it\/fr\/wp-json\/wp\/v2\/pages\/3538\/revisions"}],"wp:attachment":[{"href":"https:\/\/www.casacoppa.it\/fr\/wp-json\/wp\/v2\/media?parent=3538"}],"curies":[{"name":"wp","href":"https:\/\/api.w.org\/{rel}","templated":true}]}}