{"id":3540,"date":"2022-01-18T16:19:31","date_gmt":"2022-01-18T15:19:31","guid":{"rendered":"https:\/\/www.casacoppa.it\/condizioni-di-prenotazione\/"},"modified":"2024-03-17T15:48:01","modified_gmt":"2024-03-17T14:48:01","slug":"conditions-de-prenotation","status":"publish","type":"page","link":"https:\/\/www.casacoppa.it\/fr\/conditions-de-prenotation\/","title":{"rendered":"Conditions de pr\u00e9notation"},"content":{"rendered":"\t\t<div data-elementor-type=\"wp-post\" data-elementor-id=\"3540\" class=\"elementor elementor-3540 elementor-1377\">\n\t\t\t\t\t\t<section class=\"elementor-section elementor-top-section elementor-element elementor-element-3abe1d47 elementor-section-full_width elementor-section-height-default elementor-section-height-default\" data-id=\"3abe1d47\" data-element_type=\"section\" data-settings=\"{&quot;background_background&quot;:&quot;classic&quot;}\">\n\t\t\t\t\t\t\t<div class=\"elementor-background-overlay\"><\/div>\n\t\t\t\t\t\t\t<div class=\"elementor-container elementor-column-gap-default\">\n\t\t\t\t\t<div class=\"elementor-column elementor-col-100 elementor-top-column elementor-element elementor-element-1cd780e3\" data-id=\"1cd780e3\" data-element_type=\"column\">\n\t\t\t<div class=\"elementor-widget-wrap elementor-element-populated\">\n\t\t\t\t\t\t<div class=\"elementor-element elementor-element-2745faf1 elementor-view-default elementor-position-top elementor-invisible elementor-widget elementor-widget-themo-header\" data-id=\"2745faf1\" data-element_type=\"widget\" data-settings=\"{&quot;_animation&quot;:&quot;fadeIn&quot;}\" data-widget_type=\"themo-header.default\">\n\t\t\t\t<div class=\"elementor-widget-container\">\n\t\t\t\t\t<div class=\"th-header-wrap\">\n        <div class=\"elementor-icon-box-wrapper \">\n                            <div class=\"elementor-icon-box-content\">\n                    <h1 class=\"elementor-icon-box-title\">\n                        Conditions de r\u00e9servation                    <\/h1>\n                                        <p class=\"elementor-icon-box-description\"><\/p>\n\n                                    <\/div>\n            <\/div>\n\n        <\/div>\n\n\t\t\t\t<\/div>\n\t\t\t\t<\/div>\n\t\t\t\t\t<\/div>\n\t\t<\/div>\n\t\t\t\t\t<\/div>\n\t\t<\/section>\n\t\t\t\t<section class=\"elementor-section elementor-top-section elementor-element elementor-element-271846f elementor-section-boxed elementor-section-height-default elementor-section-height-default\" data-id=\"271846f\" data-element_type=\"section\" data-settings=\"{&quot;background_background&quot;:&quot;classic&quot;}\">\n\t\t\t\t\t\t<div class=\"elementor-container elementor-column-gap-default\">\n\t\t\t\t\t<div class=\"elementor-column elementor-col-100 elementor-top-column elementor-element elementor-element-4debf21\" data-id=\"4debf21\" data-element_type=\"column\">\n\t\t\t<div class=\"elementor-widget-wrap elementor-element-populated\">\n\t\t\t\t\t\t<div class=\"elementor-element elementor-element-bd0da9a elementor-widget elementor-widget-spacer\" data-id=\"bd0da9a\" data-element_type=\"widget\" data-widget_type=\"spacer.default\">\n\t\t\t\t<div class=\"elementor-widget-container\">\n\t\t\t\t\t<div class=\"elementor-spacer\">\n\t\t\t<div class=\"elementor-spacer-inner\"><\/div>\n\t\t<\/div>\n\t\t\t\t<\/div>\n\t\t\t\t<\/div>\n\t\t\t\t<div class=\"elementor-element elementor-element-ccdc4ba elementor-widget elementor-widget-text-editor\" data-id=\"ccdc4ba\" data-element_type=\"widget\" data-widget_type=\"text-editor.default\">\n\t\t\t\t<div class=\"elementor-widget-container\">\n\t\t\t\t\t\t\t<p><span style=\"text-decoration: underline;\">Conditions de r\u00e9servation du s\u00e9jour<\/span><\/p><ul><li>paiement par <strong>virement bancaire<\/strong> de 50% du montant du s\u00e9jour uniquement au moment de la r\u00e9servation. Les d\u00e9tails du virement bancaire seront communiqu\u00e9s dans l&rsquo;e-mail de r\u00e9ponse \u00e0 la demande de r\u00e9servation. Une fois le virement re\u00e7u, la r\u00e9servation sera confirm\u00e9e. Le solde du s\u00e9jour sera pay\u00e9 \u00e0 l&rsquo;h\u00f4tel \u00e0 l&rsquo;arriv\u00e9e.<\/li><li>Paiement par <strong>carte de cr\u00e9dit<\/strong> de 50% du montant du s\u00e9jour uniquement au moment de la r\u00e9servation. Les d\u00e9tails de la carte de cr\u00e9dit seront demand\u00e9s dans l&rsquo;e-mail de r\u00e9ponse \u00e0 la demande de r\u00e9servation. Une fois la garantie de la carte de cr\u00e9dit v\u00e9rifi\u00e9e, la r\u00e9servation sera confirm\u00e9e. Le solde du s\u00e9jour sera pay\u00e9 \u00e0 l&rsquo;h\u00f4tel \u00e0 l&rsquo;arriv\u00e9e.<\/li><\/ul><p><span style=\"text-decoration: underline;\">Conditions d&rsquo;annulation<\/span><\/p><p>Il est possible d&rsquo;annuler la r\u00e9servation exclusivement<strong> par e-mail.<\/strong><\/p><p>Dans les 10 jours pr\u00e9c\u00e9dant l&rsquo;arriv\u00e9e, le montant total sera rembours\u00e9, moins les frais bancaires en cas de transfert. Si l&rsquo;annulation est faite moins de 10 jours avant l&rsquo;arriv\u00e9e ou en cas de non-pr\u00e9sentation, la totalit\u00e9 du montant re\u00e7u \u00e0 titre d&rsquo;acompte sera conserv\u00e9e.<\/p><p><span style=\"text-decoration: underline;\">Autres conditions<\/span><\/p><p>Pour les r\u00e9servations dont la date d&rsquo;arriv\u00e9e est<strong> inf\u00e9rieure \u00e0 10 jours<\/strong> avant la r\u00e9servation, la confirmation du s\u00e9jour ne peut se faire que par carte de cr\u00e9dit \u00e0 hauteur de 50 % du montant du s\u00e9jour uniquement. Si la r\u00e9servation est annul\u00e9e moins de 10 jours avant l&rsquo;arriv\u00e9e ou en cas de non-pr\u00e9sentation, la totalit\u00e9 du montant re\u00e7u \u00e0 titre d&rsquo;acompte sera conserv\u00e9e.<\/p>\t\t\t\t\t\t<\/div>\n\t\t\t\t<\/div>\n\t\t\t\t\t<\/div>\n\t\t<\/div>\n\t\t\t\t\t<\/div>\n\t\t<\/section>\n\t\t\t\t<\/div>\n\t\t","protected":false},"excerpt":{"rendered":"<p>Conditions de r\u00e9servation Conditions de r\u00e9servation du s\u00e9jour paiement par virement bancaire de 50% du montant du s\u00e9jour uniquement au moment de la r\u00e9servation. Les d\u00e9tails du virement bancaire seront communiqu\u00e9s dans l&rsquo;e-mail de r\u00e9ponse \u00e0 la demande de r\u00e9servation. &hellip; <a href=\"https:\/\/www.casacoppa.it\/fr\/conditions-de-prenotation\/\">Read More<\/a><\/p>\n","protected":false},"author":1,"featured_media":0,"parent":0,"menu_order":12,"comment_status":"closed","ping_status":"closed","template":"","meta":{"footnotes":""},"class_list":["post-3540","page","type-page","status-publish","hentry"],"yoast_head":"<!-- This site is optimized with the Yoast SEO plugin v27.4 - https:\/\/yoast.com\/product\/yoast-seo-wordpress\/ -->\n<title>Politiche di prenotazione e cancellazione Casa Coppa<\/title>\n<meta name=\"description\" content=\"Leggi le condizioni di prenotazione e cancellazione per il tuo soggiorno a Casa Coppa\" \/>\n<meta name=\"robots\" content=\"index, follow, max-snippet:-1, max-image-preview:large, max-video-preview:-1\" \/>\n<link rel=\"canonical\" href=\"https:\/\/www.casacoppa.it\/fr\/conditions-de-prenotation\/\" \/>\n<meta property=\"og:locale\" content=\"fr_FR\" \/>\n<meta property=\"og:type\" content=\"article\" \/>\n<meta property=\"og:title\" content=\"Politiche di prenotazione e cancellazione Casa Coppa\" \/>\n<meta property=\"og:description\" content=\"Leggi le condizioni di prenotazione e cancellazione per il tuo soggiorno a Casa Coppa\" \/>\n<meta property=\"og:url\" content=\"https:\/\/www.casacoppa.it\/fr\/conditions-de-prenotation\/\" \/>\n<meta property=\"og:site_name\" content=\"Casa Coppa\" \/>\n<meta property=\"article:modified_time\" content=\"2024-03-17T14:48:01+00:00\" \/>\n<meta name=\"twitter:card\" content=\"summary_large_image\" \/>\n<meta name=\"twitter:label1\" content=\"Dur\u00e9e de lecture estim\u00e9e\" \/>\n\t<meta name=\"twitter:data1\" content=\"1 minute\" \/>\n<script type=\"application\/ld+json\" class=\"yoast-schema-graph\">{\"@context\":\"https:\\\/\\\/schema.org\",\"@graph\":[{\"@type\":\"WebPage\",\"@id\":\"https:\\\/\\\/www.casacoppa.it\\\/fr\\\/conditions-de-prenotation\\\/\",\"url\":\"https:\\\/\\\/www.casacoppa.it\\\/fr\\\/conditions-de-prenotation\\\/\",\"name\":\"Politiche di prenotazione e cancellazione Casa Coppa\",\"isPartOf\":{\"@id\":\"https:\\\/\\\/www.casacoppa.it\\\/fr\\\/#website\"},\"datePublished\":\"2022-01-18T15:19:31+00:00\",\"dateModified\":\"2024-03-17T14:48:01+00:00\",\"description\":\"Leggi le condizioni di prenotazione e cancellazione per il tuo soggiorno a Casa Coppa\",\"breadcrumb\":{\"@id\":\"https:\\\/\\\/www.casacoppa.it\\\/fr\\\/conditions-de-prenotation\\\/#breadcrumb\"},\"inLanguage\":\"fr-FR\",\"potentialAction\":[{\"@type\":\"ReadAction\",\"target\":[\"https:\\\/\\\/www.casacoppa.it\\\/fr\\\/conditions-de-prenotation\\\/\"]}]},{\"@type\":\"BreadcrumbList\",\"@id\":\"https:\\\/\\\/www.casacoppa.it\\\/fr\\\/conditions-de-prenotation\\\/#breadcrumb\",\"itemListElement\":[{\"@type\":\"ListItem\",\"position\":1,\"name\":\"Home\",\"item\":\"https:\\\/\\\/www.casacoppa.it\\\/fr\\\/\"},{\"@type\":\"ListItem\",\"position\":2,\"name\":\"Conditions de pr\u00e9notation\"}]},{\"@type\":\"WebSite\",\"@id\":\"https:\\\/\\\/www.casacoppa.it\\\/fr\\\/#website\",\"url\":\"https:\\\/\\\/www.casacoppa.it\\\/fr\\\/\",\"name\":\"Casa Coppa\",\"description\":\"Appartamenti e case vacanze a Omegna, sul Lago d&#039;Orta\",\"potentialAction\":[{\"@type\":\"SearchAction\",\"target\":{\"@type\":\"EntryPoint\",\"urlTemplate\":\"https:\\\/\\\/www.casacoppa.it\\\/fr\\\/?s={search_term_string}\"},\"query-input\":{\"@type\":\"PropertyValueSpecification\",\"valueRequired\":true,\"valueName\":\"search_term_string\"}}],\"inLanguage\":\"fr-FR\"}]}<\/script>\n<!-- \/ Yoast SEO plugin. -->","yoast_head_json":{"title":"Politiche di prenotazione e cancellazione Casa Coppa","description":"Leggi le condizioni di prenotazione e cancellazione per il tuo soggiorno a Casa Coppa","robots":{"index":"index","follow":"follow","max-snippet":"max-snippet:-1","max-image-preview":"max-image-preview:large","max-video-preview":"max-video-preview:-1"},"canonical":"https:\/\/www.casacoppa.it\/fr\/conditions-de-prenotation\/","og_locale":"fr_FR","og_type":"article","og_title":"Politiche di prenotazione e cancellazione Casa Coppa","og_description":"Leggi le condizioni di prenotazione e cancellazione per il tuo soggiorno a Casa Coppa","og_url":"https:\/\/www.casacoppa.it\/fr\/conditions-de-prenotation\/","og_site_name":"Casa Coppa","article_modified_time":"2024-03-17T14:48:01+00:00","twitter_card":"summary_large_image","twitter_misc":{"Dur\u00e9e de lecture estim\u00e9e":"1 minute"},"schema":{"@context":"https:\/\/schema.org","@graph":[{"@type":"WebPage","@id":"https:\/\/www.casacoppa.it\/fr\/conditions-de-prenotation\/","url":"https:\/\/www.casacoppa.it\/fr\/conditions-de-prenotation\/","name":"Politiche di prenotazione e cancellazione Casa Coppa","isPartOf":{"@id":"https:\/\/www.casacoppa.it\/fr\/#website"},"datePublished":"2022-01-18T15:19:31+00:00","dateModified":"2024-03-17T14:48:01+00:00","description":"Leggi le condizioni di prenotazione e cancellazione per il tuo soggiorno a Casa Coppa","breadcrumb":{"@id":"https:\/\/www.casacoppa.it\/fr\/conditions-de-prenotation\/#breadcrumb"},"inLanguage":"fr-FR","potentialAction":[{"@type":"ReadAction","target":["https:\/\/www.casacoppa.it\/fr\/conditions-de-prenotation\/"]}]},{"@type":"BreadcrumbList","@id":"https:\/\/www.casacoppa.it\/fr\/conditions-de-prenotation\/#breadcrumb","itemListElement":[{"@type":"ListItem","position":1,"name":"Home","item":"https:\/\/www.casacoppa.it\/fr\/"},{"@type":"ListItem","position":2,"name":"Conditions de pr\u00e9notation"}]},{"@type":"WebSite","@id":"https:\/\/www.casacoppa.it\/fr\/#website","url":"https:\/\/www.casacoppa.it\/fr\/","name":"Casa Coppa","description":"Appartamenti e case vacanze a Omegna, sul Lago d&#039;Orta","potentialAction":[{"@type":"SearchAction","target":{"@type":"EntryPoint","urlTemplate":"https:\/\/www.casacoppa.it\/fr\/?s={search_term_string}"},"query-input":{"@type":"PropertyValueSpecification","valueRequired":true,"valueName":"search_term_string"}}],"inLanguage":"fr-FR"}]}},"_links":{"self":[{"href":"https:\/\/www.casacoppa.it\/fr\/wp-json\/wp\/v2\/pages\/3540","targetHints":{"allow":["GET"]}}],"collection":[{"href":"https:\/\/www.casacoppa.it\/fr\/wp-json\/wp\/v2\/pages"}],"about":[{"href":"https:\/\/www.casacoppa.it\/fr\/wp-json\/wp\/v2\/types\/page"}],"author":[{"embeddable":true,"href":"https:\/\/www.casacoppa.it\/fr\/wp-json\/wp\/v2\/users\/1"}],"replies":[{"embeddable":true,"href":"https:\/\/www.casacoppa.it\/fr\/wp-json\/wp\/v2\/comments?post=3540"}],"version-history":[{"count":0,"href":"https:\/\/www.casacoppa.it\/fr\/wp-json\/wp\/v2\/pages\/3540\/revisions"}],"wp:attachment":[{"href":"https:\/\/www.casacoppa.it\/fr\/wp-json\/wp\/v2\/media?parent=3540"}],"curies":[{"name":"wp","href":"https:\/\/api.w.org\/{rel}","templated":true}]}}