{"id":3548,"date":"2017-05-31T05:05:41","date_gmt":"2017-05-31T03:05:41","guid":{"rendered":"https:\/\/www.casacoppa.it\/contatti\/"},"modified":"2024-03-20T14:53:58","modified_gmt":"2024-03-20T13:53:58","slug":"contacts","status":"publish","type":"page","link":"https:\/\/www.casacoppa.it\/fr\/contacts\/","title":{"rendered":"Contacts"},"content":{"rendered":"\t\t<div data-elementor-type=\"wp-post\" data-elementor-id=\"3548\" class=\"elementor elementor-3548 elementor-83\">\n\t\t\t\t\t\t<section class=\"elementor-section elementor-top-section elementor-element elementor-element-4e5501e elementor-section-boxed elementor-section-height-default elementor-section-height-default\" data-id=\"4e5501e\" data-element_type=\"section\" data-settings=\"{&quot;background_background&quot;:&quot;classic&quot;}\">\n\t\t\t\t\t\t<div class=\"elementor-container elementor-column-gap-extended\">\n\t\t\t\t\t<div class=\"elementor-column elementor-col-50 elementor-top-column elementor-element elementor-element-a2c8d92\" data-id=\"a2c8d92\" data-element_type=\"column\">\n\t\t\t<div class=\"elementor-widget-wrap elementor-element-populated\">\n\t\t\t\t\t\t<div class=\"elementor-element elementor-element-1e01482 elementor-widget elementor-widget-text-editor\" data-id=\"1e01482\" data-element_type=\"widget\" data-widget_type=\"text-editor.default\">\n\t\t\t\t<div class=\"elementor-widget-container\">\n\t\t\t\t\t\t\tCasa<br>Coppa\t\t\t\t\t\t<\/div>\n\t\t\t\t<\/div>\n\t\t\t\t<div class=\"elementor-element elementor-element-7db32b4 elementor-widget elementor-widget-spacer\" data-id=\"7db32b4\" data-element_type=\"widget\" data-widget_type=\"spacer.default\">\n\t\t\t\t<div class=\"elementor-widget-container\">\n\t\t\t\t\t<div class=\"elementor-spacer\">\n\t\t\t<div class=\"elementor-spacer-inner\"><\/div>\n\t\t<\/div>\n\t\t\t\t<\/div>\n\t\t\t\t<\/div>\n\t\t\t\t<div class=\"elementor-element elementor-element-2770663 elementor-icon-list--layout-traditional elementor-list-item-link-full_width elementor-widget elementor-widget-icon-list\" data-id=\"2770663\" data-element_type=\"widget\" data-widget_type=\"icon-list.default\">\n\t\t\t\t<div class=\"elementor-widget-container\">\n\t\t\t\t\t<ul class=\"elementor-icon-list-items\">\n\t\t\t\t\t\t\t<li class=\"elementor-icon-list-item\">\n\t\t\t\t\t\t\t\t\t\t\t<span class=\"elementor-icon-list-icon\">\n\t\t\t\t\t\t\t<i aria-hidden=\"true\" class=\"th-trip travelpack th-trip travelpack-location-pin\"><\/i>\t\t\t\t\t\t<\/span>\n\t\t\t\t\t\t\t\t\t\t<span class=\"elementor-icon-list-text\">Via Fratelli di Dio 9<br>28887 Omegna - Lago d'Orta (VB)<\/span>\n\t\t\t\t\t\t\t\t\t<\/li>\n\t\t\t\t\t\t\t\t<li class=\"elementor-icon-list-item\">\n\t\t\t\t\t\t\t\t\t\t\t<span class=\"elementor-icon-list-icon\">\n\t\t\t\t\t\t\t<i aria-hidden=\"true\" class=\"th-linea icon th-linea icon-basic-smartphone\"><\/i>\t\t\t\t\t\t<\/span>\n\t\t\t\t\t\t\t\t\t\t<span class=\"elementor-icon-list-text\">+39 340 6697762<\/span>\n\t\t\t\t\t\t\t\t\t<\/li>\n\t\t\t\t\t\t\t\t<li class=\"elementor-icon-list-item\">\n\t\t\t\t\t\t\t\t\t\t\t<span class=\"elementor-icon-list-icon\">\n\t\t\t\t\t\t\t<i aria-hidden=\"true\" class=\"th-linea icon th-linea icon-basic-mail\"><\/i>\t\t\t\t\t\t<\/span>\n\t\t\t\t\t\t\t\t\t\t<span class=\"elementor-icon-list-text\">info@casacoppa.it<\/span>\n\t\t\t\t\t\t\t\t\t<\/li>\n\t\t\t\t\t\t<\/ul>\n\t\t\t\t<\/div>\n\t\t\t\t<\/div>\n\t\t\t\t<div class=\"elementor-element elementor-element-084d174 elementor-widget elementor-widget-google_maps\" data-id=\"084d174\" data-element_type=\"widget\" data-widget_type=\"google_maps.default\">\n\t\t\t\t<div class=\"elementor-widget-container\">\n\t\t\t\t\t<div class=\"elementor-custom-embed\">\n\t\t\t<iframe loading=\"lazy\"\n\t\t\t\t\tsrc=\"https:\/\/maps.google.com\/maps?q=Via%20Fratelli%20di%20Dio%209%2C%2028887%20Omegna%20-%20Lago%20d%27Orta%20%28VB%29&#038;t=m&#038;z=15&#038;output=embed&#038;iwloc=near\"\n\t\t\t\t\ttitle=\"Via Fratelli di Dio 9, 28887 Omegna - Lago d&#039;Orta (VB)\"\n\t\t\t\t\taria-label=\"Via Fratelli di Dio 9, 28887 Omegna - Lago d&#039;Orta (VB)\"\n\t\t\t><\/iframe>\n\t\t<\/div>\n\t\t\t\t<\/div>\n\t\t\t\t<\/div>\n\t\t\t\t\t<\/div>\n\t\t<\/div>\n\t\t\t\t<div class=\"elementor-column elementor-col-50 elementor-top-column elementor-element elementor-element-ae0b00c\" data-id=\"ae0b00c\" data-element_type=\"column\" data-settings=\"{&quot;background_background&quot;:&quot;classic&quot;}\">\n\t\t\t<div class=\"elementor-widget-wrap elementor-element-populated\">\n\t\t\t\t\t\t<div class=\"elementor-element elementor-element-b5a91da elementor-view-default elementor-position-top elementor-widget elementor-widget-themo-header\" data-id=\"b5a91da\" data-element_type=\"widget\" data-widget_type=\"themo-header.default\">\n\t\t\t\t<div class=\"elementor-widget-container\">\n\t\t\t\t\t<div class=\"th-header-wrap\">\n        <div class=\"elementor-icon-box-wrapper \">\n                            <div class=\"elementor-icon-box-content\">\n                    <h4 class=\"elementor-icon-box-title\">\n                        CONTACTEZ-NOUS                    <\/h4>\n                                        <p class=\"elementor-icon-box-description\"><\/p>\n\n                                    <\/div>\n            <\/div>\n\n        <\/div>\n\n\t\t\t\t<\/div>\n\t\t\t\t<\/div>\n\t\t\t\t<div class=\"elementor-element elementor-element-9ca930a elementor-widget elementor-widget-themo-formidable-form\" data-id=\"9ca930a\" data-element_type=\"widget\" data-widget_type=\"themo-formidable-form.default\">\n\t\t\t\t<div class=\"elementor-widget-container\">\n\t\t\t            <div class=\"th-fo-form  th-form-default  th-btn-form btn-standard-primary-form\"><div class=\"frm_forms  with_frm_style frm_style_stile-di-formidable\" id=\"frm_form_13_container\" >\n<form enctype=\"multipart\/form-data\" method=\"post\" class=\"frm-show-form \" id=\"form_casacoppa3\" >\n<div class=\"frm_form_fields \">\n<fieldset>\n\r\n<div class=\"frm_fields_container\">\n<input type=\"hidden\" name=\"frm_action\" value=\"create\" \/>\n<input type=\"hidden\" name=\"form_id\" value=\"13\" \/>\n<input type=\"hidden\" name=\"frm_hide_fields_13\" id=\"frm_hide_fields_13\" value=\"\" \/>\n<input type=\"hidden\" name=\"form_key\" value=\"casacoppa3\" \/>\n<input type=\"hidden\" name=\"item_meta[0]\" value=\"\" \/>\n<input type=\"hidden\" id=\"frm_submit_entry_13\" name=\"frm_submit_entry_13\" value=\"49586f9703\" \/><input type=\"hidden\" name=\"_wp_http_referer\" value=\"\/fr\/wp-json\/wp\/v2\/pages\/3548\" \/><div id=\"frm_field_70_container\" class=\"frm_form_field form-field  frm_required_field frm_none_container frm_full\">\r\n    <label for=\"field_xipbjr33\" class=\"frm_primary_label\">Pr\u00e9nom\r\n        <span class=\"frm_required\">*<\/span>\r\n    <\/label>\r\n    <input type=\"text\" id=\"field_xipbjr33\" name=\"item_meta[70]\" value=\"\"  placeholder=\"Pr\u00e9nom\" data-reqmsg=\"Questo campo non pu\u00f2 essere vuoto.\" aria-required=\"true\" data-invmsg=\"Name non \u00e8 valido\" aria-invalid=\"false\"  \/>\r\n    \r\n    \r\n<\/div>\n<div id=\"frm_field_71_container\" class=\"frm_form_field form-field  frm_none_container frm_full\">\r\n    <label for=\"field_yoqih3\" class=\"frm_primary_label\">Nom de famille\r\n        <span class=\"frm_required\"><\/span>\r\n    <\/label>\r\n    <input type=\"text\" id=\"field_yoqih3\" name=\"item_meta[71]\" value=\"\"  placeholder=\"Nom de famille\" data-invmsg=\"Name non \u00e8 valido\" aria-invalid=\"false\"  \/>\r\n    \r\n    \r\n<\/div>\n<div id=\"frm_field_72_container\" class=\"frm_form_field form-field  frm_required_field frm_none_container frm_full\">\r\n    <label for=\"field_jaehy833\" class=\"frm_primary_label\">Email\r\n        <span class=\"frm_required\">*<\/span>\r\n    <\/label>\r\n    <input type=\"text\" id=\"field_jaehy833\" name=\"item_meta[72]\" value=\"\"  placeholder=\"Email\" data-reqmsg=\"Questo campo non pu\u00f2 essere vuoto.\" aria-required=\"true\" data-invmsg=\"Email non \u00e8 valido\" aria-invalid=\"false\"  \/>\r\n    \r\n    \r\n<\/div>\n<div id=\"frm_field_73_container\" class=\"frm_form_field form-field  frm_none_container frm_full\">\r\n    <label for=\"field_cqpguu33\" class=\"frm_primary_label\">Contact t\u00e9l\u00e9phonique\r\n        <span class=\"frm_required\"><\/span>\r\n    <\/label>\r\n    <input type=\"text\" id=\"field_cqpguu33\" name=\"item_meta[73]\" value=\"\"  placeholder=\"T\u00e9l\u00e9phone\" data-invmsg=\"Phone non \u00e8 valido\" aria-invalid=\"false\"  \/>\r\n    \r\n    \r\n<\/div>\n<div id=\"frm_field_74_container\" class=\"frm_form_field form-field  frm_required_field frm_none_container frm_full\" >\r\n    <label for=\"field_kggkvh33\" class=\"frm_primary_label\">Il tuo Messaggio\r\n        <span class=\"frm_required\">*<\/span>\r\n    <\/label>\r\n    <textarea name=\"item_meta[74]\" id=\"field_kggkvh33\" rows=\"5\"  placeholder=\"Messaggio\" data-reqmsg=\"Questo campo non pu\u00f2 essere vuoto.\" aria-required=\"true\" data-invmsg=\"Il tuo Messaggio est non valide\" aria-invalid=\"false\"  ><\/textarea>\r\n    \r\n    \r\n<\/div>\n<div id=\"frm_field_75_container\" class=\"frm_form_field form-field  frm_required_field frm_none_container vertical_radio\">\r\n    <div  id=\"field_dlk7l3_label\" class=\"frm_primary_label\"  style=\"color:#ffffff;\">\r\n        <span class=\"frm_required\" aria-hidden=\"true\"  style=\"color:#ffffff;\"><\/span>\r\n    <\/div>\r\n    <div class=\"frm_opt_container\" aria-labelledby=\"field_dlk7l3_label\" role=\"group\"  style=\"color:#ffffff;\">\t\t<div class=\"frm_checkbox\" id=\"frm_checkbox_75-0\">\t\t\t<label  for=\"field_dlk7l3-0\">\n\t\t\t<input type=\"checkbox\" name=\"item_meta[75][]\" id=\"field_dlk7l3-0\" value=\"Politique d&#039;adh\u00e9sion Confidentialit\u00e9\"  data-reqmsg=\"Questo campo non pu\u00f2 essere vuoto.\" data-invmsg=\"Ce champ est non valide\"   aria-required=\"true\"  \/> Politique d'adh\u00e9sion Confidentialit\u00e9<\/label><\/div>\n<\/div>\r\n    <div class=\"frm_description\" id=\"frm_desc_field_dlk7l3\"  style=\"color:#ffffff;\">Je d\u00e9clare \u00eatre inform\u00e9 conform\u00e9ment \u00e0 la l\u00e9gislation europ\u00e9enne en vigueur (R\u00e8glement UE 2016\/679) ainsi qu'\u00e0 la loi italienne (D\u00e9cret l\u00e9gislatif n\u00b0 196\/2003 et modifications ult\u00e9rieures) et accepter la <a href=\"\/privacy-policy. pdf\" target=\"_blank\">politique de confidentialit\u00e9<\/a>.<\/div>\r\n    \r\n<\/div>\n<div id=\"frm_field_78_container\" class=\"frm_form_field form-field  frm_none_container\">\n    <label for=\"g-recaptcha-response\" id=\"field_kcfds_label\" class=\"frm_primary_label\">Captcha\n        <span class=\"frm_required\" aria-hidden=\"true\"><\/span>\n    <\/label>\n    <div  id=\"field_kcfds\" class=\"frm-g-recaptcha\" data-sitekey=\"6LdUG5weAAAAAHsIkxmsWKGah6y8Z-Uanr0HOtW4\" data-size=\"invisible\" data-theme=\"light\"><\/div>\n    \n    \n<\/div>\n\t<input type=\"hidden\" name=\"item_key\" value=\"\" \/>\n\t\t\t<div id=\"frm_field_79_container\">\n\t\t\t<label for=\"field_l66rz\" >\n\t\t\t\tSi vous \u00eates un humain, ne remplissez pas ce champ.\t\t\t<\/label>\n\t\t\t<input  id=\"field_l66rz\" type=\"text\" class=\"frm_form_field form-field frm_verify\" name=\"item_meta[79]\" value=\"\"  \/>\n\t\t<\/div>\n\t\t<input name=\"frm_state\" type=\"hidden\" value=\"T35qR+RaihIGKJijqxGtB62W3vcbLUQbknOHG0I3WH4=\" \/><div class=\"frm_submit\" >\r\n\r\n<input type=\"submit\" value=\"ENVOYER\"  \/>\r\n<img decoding=\"async\" class=\"frm_ajax_loading\" src=\"https:\/\/www.casacoppa.it\/wp-content\/plugins\/formidable\/images\/ajax_loader.gif\" alt=\"Sending\" style=\"visibility:hidden;\" \/>\r\n\r\n<\/div><\/div>\n<\/fieldset>\n<\/div>\n\n<\/form>\n<\/div>\n<\/div>\n            \t\t<\/div>\n\t\t\t\t<\/div>\n\t\t\t\t\t<\/div>\n\t\t<\/div>\n\t\t\t\t\t<\/div>\n\t\t<\/section>\n\t\t\t\t<\/div>\n\t\t","protected":false},"excerpt":{"rendered":"<p>CasaCoppa Via Fratelli di Dio 928887 Omegna &#8211; Lago d&rsquo;Orta (VB) +39 340 6697762 info@casacoppa.it CONTACTEZ-NOUS Pr\u00e9nom * Nom de famille Email * Contact t\u00e9l\u00e9phonique Il tuo Messaggio * Politique d&rsquo;adh\u00e9sion Confidentialit\u00e9 Je d\u00e9clare \u00eatre inform\u00e9 conform\u00e9ment \u00e0 la l\u00e9gislation &hellip; <a href=\"https:\/\/www.casacoppa.it\/fr\/contacts\/\">Read More<\/a><\/p>\n","protected":false},"author":1,"featured_media":0,"parent":0,"menu_order":22,"comment_status":"closed","ping_status":"closed","template":"","meta":{"footnotes":""},"class_list":["post-3548","page","type-page","status-publish","hentry"],"yoast_head":"<!-- This site is optimized with the Yoast SEO plugin v27.2 - https:\/\/yoast.com\/product\/yoast-seo-wordpress\/ -->\n<title>Recapiti e contatti Casa Coppa<\/title>\n<meta name=\"description\" content=\"Stai organizzando la tua vacanza sul lago d&#039;Orta e hai bisogno di informazioni? Utilizza i recapiti presenti nella pagina per contattarci.\" \/>\n<meta name=\"robots\" content=\"index, follow, max-snippet:-1, max-image-preview:large, max-video-preview:-1\" \/>\n<link rel=\"canonical\" href=\"https:\/\/www.casacoppa.it\/fr\/contacts\/\" \/>\n<meta property=\"og:locale\" content=\"fr_FR\" \/>\n<meta property=\"og:type\" content=\"article\" \/>\n<meta property=\"og:title\" content=\"Recapiti e contatti Casa Coppa\" \/>\n<meta property=\"og:description\" content=\"Stai organizzando la tua vacanza sul lago d&#039;Orta e hai bisogno di informazioni? Utilizza i recapiti presenti nella pagina per contattarci.\" \/>\n<meta property=\"og:url\" content=\"https:\/\/www.casacoppa.it\/fr\/contacts\/\" \/>\n<meta property=\"og:site_name\" content=\"Casa Coppa\" \/>\n<meta property=\"article:modified_time\" content=\"2024-03-20T13:53:58+00:00\" \/>\n<meta property=\"og:image\" content=\"https:\/\/www.casacoppa.it\/wp-content\/plugins\/formidable\/images\/ajax_loader.gif\" \/>\n<meta name=\"twitter:card\" content=\"summary_large_image\" \/>\n<meta name=\"twitter:label1\" content=\"Dur\u00e9e de lecture estim\u00e9e\" \/>\n\t<meta name=\"twitter:data1\" content=\"1 minute\" \/>\n<script type=\"application\/ld+json\" class=\"yoast-schema-graph\">{\"@context\":\"https:\/\/schema.org\",\"@graph\":[{\"@type\":\"WebPage\",\"@id\":\"https:\/\/www.casacoppa.it\/fr\/contacts\/\",\"url\":\"https:\/\/www.casacoppa.it\/fr\/contacts\/\",\"name\":\"Recapiti e contatti Casa Coppa\",\"isPartOf\":{\"@id\":\"https:\/\/www.casacoppa.it\/fr\/#website\"},\"primaryImageOfPage\":{\"@id\":\"https:\/\/www.casacoppa.it\/fr\/contacts\/#primaryimage\"},\"image\":{\"@id\":\"https:\/\/www.casacoppa.it\/fr\/contacts\/#primaryimage\"},\"thumbnailUrl\":\"https:\/\/www.casacoppa.it\/wp-content\/plugins\/formidable\/images\/ajax_loader.gif\",\"datePublished\":\"2017-05-31T03:05:41+00:00\",\"dateModified\":\"2024-03-20T13:53:58+00:00\",\"description\":\"Stai organizzando la tua vacanza sul lago d'Orta e hai bisogno di informazioni? Utilizza i recapiti presenti nella pagina per contattarci.\",\"breadcrumb\":{\"@id\":\"https:\/\/www.casacoppa.it\/fr\/contacts\/#breadcrumb\"},\"inLanguage\":\"fr-FR\",\"potentialAction\":[{\"@type\":\"ReadAction\",\"target\":[\"https:\/\/www.casacoppa.it\/fr\/contacts\/\"]}]},{\"@type\":\"ImageObject\",\"inLanguage\":\"fr-FR\",\"@id\":\"https:\/\/www.casacoppa.it\/fr\/contacts\/#primaryimage\",\"url\":\"https:\/\/www.casacoppa.it\/wp-content\/plugins\/formidable\/images\/ajax_loader.gif\",\"contentUrl\":\"https:\/\/www.casacoppa.it\/wp-content\/plugins\/formidable\/images\/ajax_loader.gif\"},{\"@type\":\"BreadcrumbList\",\"@id\":\"https:\/\/www.casacoppa.it\/fr\/contacts\/#breadcrumb\",\"itemListElement\":[{\"@type\":\"ListItem\",\"position\":1,\"name\":\"Home\",\"item\":\"https:\/\/www.casacoppa.it\/fr\/\"},{\"@type\":\"ListItem\",\"position\":2,\"name\":\"Contacts\"}]},{\"@type\":\"WebSite\",\"@id\":\"https:\/\/www.casacoppa.it\/fr\/#website\",\"url\":\"https:\/\/www.casacoppa.it\/fr\/\",\"name\":\"Casa Coppa\",\"description\":\"Appartamenti e case vacanze a Omegna, sul Lago d&#039;Orta\",\"potentialAction\":[{\"@type\":\"SearchAction\",\"target\":{\"@type\":\"EntryPoint\",\"urlTemplate\":\"https:\/\/www.casacoppa.it\/fr\/?s={search_term_string}\"},\"query-input\":{\"@type\":\"PropertyValueSpecification\",\"valueRequired\":true,\"valueName\":\"search_term_string\"}}],\"inLanguage\":\"fr-FR\"}]}<\/script>\n<!-- \/ Yoast SEO plugin. -->","yoast_head_json":{"title":"Recapiti e contatti Casa Coppa","description":"Stai organizzando la tua vacanza sul lago d'Orta e hai bisogno di informazioni? Utilizza i recapiti presenti nella pagina per contattarci.","robots":{"index":"index","follow":"follow","max-snippet":"max-snippet:-1","max-image-preview":"max-image-preview:large","max-video-preview":"max-video-preview:-1"},"canonical":"https:\/\/www.casacoppa.it\/fr\/contacts\/","og_locale":"fr_FR","og_type":"article","og_title":"Recapiti e contatti Casa Coppa","og_description":"Stai organizzando la tua vacanza sul lago d'Orta e hai bisogno di informazioni? Utilizza i recapiti presenti nella pagina per contattarci.","og_url":"https:\/\/www.casacoppa.it\/fr\/contacts\/","og_site_name":"Casa Coppa","article_modified_time":"2024-03-20T13:53:58+00:00","og_image":[{"url":"https:\/\/www.casacoppa.it\/wp-content\/plugins\/formidable\/images\/ajax_loader.gif","type":"","width":"","height":""}],"twitter_card":"summary_large_image","twitter_misc":{"Dur\u00e9e de lecture estim\u00e9e":"1 minute"},"schema":{"@context":"https:\/\/schema.org","@graph":[{"@type":"WebPage","@id":"https:\/\/www.casacoppa.it\/fr\/contacts\/","url":"https:\/\/www.casacoppa.it\/fr\/contacts\/","name":"Recapiti e contatti Casa Coppa","isPartOf":{"@id":"https:\/\/www.casacoppa.it\/fr\/#website"},"primaryImageOfPage":{"@id":"https:\/\/www.casacoppa.it\/fr\/contacts\/#primaryimage"},"image":{"@id":"https:\/\/www.casacoppa.it\/fr\/contacts\/#primaryimage"},"thumbnailUrl":"https:\/\/www.casacoppa.it\/wp-content\/plugins\/formidable\/images\/ajax_loader.gif","datePublished":"2017-05-31T03:05:41+00:00","dateModified":"2024-03-20T13:53:58+00:00","description":"Stai organizzando la tua vacanza sul lago d'Orta e hai bisogno di informazioni? Utilizza i recapiti presenti nella pagina per contattarci.","breadcrumb":{"@id":"https:\/\/www.casacoppa.it\/fr\/contacts\/#breadcrumb"},"inLanguage":"fr-FR","potentialAction":[{"@type":"ReadAction","target":["https:\/\/www.casacoppa.it\/fr\/contacts\/"]}]},{"@type":"ImageObject","inLanguage":"fr-FR","@id":"https:\/\/www.casacoppa.it\/fr\/contacts\/#primaryimage","url":"https:\/\/www.casacoppa.it\/wp-content\/plugins\/formidable\/images\/ajax_loader.gif","contentUrl":"https:\/\/www.casacoppa.it\/wp-content\/plugins\/formidable\/images\/ajax_loader.gif"},{"@type":"BreadcrumbList","@id":"https:\/\/www.casacoppa.it\/fr\/contacts\/#breadcrumb","itemListElement":[{"@type":"ListItem","position":1,"name":"Home","item":"https:\/\/www.casacoppa.it\/fr\/"},{"@type":"ListItem","position":2,"name":"Contacts"}]},{"@type":"WebSite","@id":"https:\/\/www.casacoppa.it\/fr\/#website","url":"https:\/\/www.casacoppa.it\/fr\/","name":"Casa Coppa","description":"Appartamenti e case vacanze a Omegna, sul Lago d&#039;Orta","potentialAction":[{"@type":"SearchAction","target":{"@type":"EntryPoint","urlTemplate":"https:\/\/www.casacoppa.it\/fr\/?s={search_term_string}"},"query-input":{"@type":"PropertyValueSpecification","valueRequired":true,"valueName":"search_term_string"}}],"inLanguage":"fr-FR"}]}},"_links":{"self":[{"href":"https:\/\/www.casacoppa.it\/fr\/wp-json\/wp\/v2\/pages\/3548","targetHints":{"allow":["GET"]}}],"collection":[{"href":"https:\/\/www.casacoppa.it\/fr\/wp-json\/wp\/v2\/pages"}],"about":[{"href":"https:\/\/www.casacoppa.it\/fr\/wp-json\/wp\/v2\/types\/page"}],"author":[{"embeddable":true,"href":"https:\/\/www.casacoppa.it\/fr\/wp-json\/wp\/v2\/users\/1"}],"replies":[{"embeddable":true,"href":"https:\/\/www.casacoppa.it\/fr\/wp-json\/wp\/v2\/comments?post=3548"}],"version-history":[{"count":0,"href":"https:\/\/www.casacoppa.it\/fr\/wp-json\/wp\/v2\/pages\/3548\/revisions"}],"wp:attachment":[{"href":"https:\/\/www.casacoppa.it\/fr\/wp-json\/wp\/v2\/media?parent=3548"}],"curies":[{"name":"wp","href":"https:\/\/api.w.org\/{rel}","templated":true}]}}